{"id":366,"date":"2024-02-12T11:54:40","date_gmt":"2024-02-12T10:54:40","guid":{"rendered":"https:\/\/yourprofileit.adrirodrigoagencia.es\/?page_id=366"},"modified":"2024-03-05T13:58:51","modified_gmt":"2024-03-05T12:58:51","slug":"blog","status":"publish","type":"page","link":"https:\/\/yourprofileit.com\/en\/blog\/","title":{"rendered":"Blog"},"content":{"rendered":"<div data-elementor-type=\"wp-page\" data-elementor-id=\"366\" class=\"elementor elementor-366\" data-elementor-post-type=\"page\">\n\t\t\t\t\t\t<section class=\"elementor-section elementor-top-section elementor-element elementor-element-4da50e49 elementor-section-boxed elementor-section-height-default elementor-section-height-default\" data-id=\"4da50e49\" data-element_type=\"section\" data-settings=\"{&quot;background_background&quot;:&quot;gradient&quot;}\">\n\t\t\t\t\t\t\t<div class=\"elementor-background-overlay\"><\/div>\n\t\t\t\t\t\t\t<div class=\"elementor-container elementor-column-gap-default\">\n\t\t\t\t\t<div class=\"elementor-column elementor-col-100 elementor-top-column elementor-element elementor-element-2c3924be\" data-id=\"2c3924be\" data-element_type=\"column\">\n\t\t\t<div class=\"elementor-widget-wrap elementor-element-populated\">\n\t\t\t\t\t\t<div class=\"elementor-element elementor-element-20edf2d4 elementor-widget elementor-widget-heading\" data-id=\"20edf2d4\" data-element_type=\"widget\" data-widget_type=\"heading.default\">\n\t\t\t\t<div class=\"elementor-widget-container\">\n\t\t\t\t\t<h2 class=\"elementor-heading-title elementor-size-default\">Blog<\/h2>\t\t\t\t<\/div>\n\t\t\t\t<\/div>\n\t\t\t\t\t<\/div>\n\t\t<\/div>\n\t\t\t\t\t<\/div>\n\t\t<\/section>\n\t\t<div class=\"elementor-element elementor-element-69bb4c4 e-flex e-con-boxed e-con e-parent\" data-id=\"69bb4c4\" data-element_type=\"container\">\n\t\t\t\t\t<div class=\"e-con-inner\">\n\t\t<div class=\"elementor-element elementor-element-bebf838 e-flex e-con-boxed e-con e-child\" data-id=\"bebf838\" data-element_type=\"container\">\n\t\t\t\t\t<div class=\"e-con-inner\">\n\t\t\t\t<div class=\"elementor-element elementor-element-9b6224a elementor-grid-3 elementor-grid-tablet-2 elementor-grid-mobile-1 elementor-posts--thumbnail-top elementor-card-shadow-yes elementor-posts__hover-gradient elementor-widget elementor-widget-posts\" data-id=\"9b6224a\" data-element_type=\"widget\" data-settings=\"{&quot;cards_masonry&quot;:&quot;yes&quot;,&quot;cards_columns&quot;:&quot;3&quot;,&quot;cards_columns_tablet&quot;:&quot;2&quot;,&quot;cards_columns_mobile&quot;:&quot;1&quot;,&quot;cards_row_gap&quot;:{&quot;unit&quot;:&quot;px&quot;,&quot;size&quot;:35,&quot;sizes&quot;:[]},&quot;cards_row_gap_tablet&quot;:{&quot;unit&quot;:&quot;px&quot;,&quot;size&quot;:&quot;&quot;,&quot;sizes&quot;:[]},&quot;cards_row_gap_mobile&quot;:{&quot;unit&quot;:&quot;px&quot;,&quot;size&quot;:&quot;&quot;,&quot;sizes&quot;:[]}}\" data-widget_type=\"posts.cards\">\n\t\t\t\t<div class=\"elementor-widget-container\">\n\t\t\t\t\t\t\t<div class=\"elementor-posts-container elementor-posts elementor-posts--skin-cards elementor-grid\" role=\"list\">\n\t\t\t\t<article class=\"elementor-post elementor-grid-item post-1018 post type-post status-publish format-standard has-post-thumbnail hentry category-sin-categoria\" role=\"listitem\">\n\t\t\t<div class=\"elementor-post__card\">\n\t\t\t\t<a class=\"elementor-post__thumbnail__link\" href=\"https:\/\/yourprofileit.com\/en\/2024\/10\/29\/nearshore-offshore-y-onshore-en-el-campo-de-it-explorando-modelos-desafios-y-oportunidades-para-consultoras-informaticas\/\" tabindex=\"-1\" ><div class=\"elementor-post__thumbnail\"><img fetchpriority=\"high\" decoding=\"async\" width=\"300\" height=\"200\" src=\"https:\/\/yourprofileit.com\/en\/wp-content\/uploads\/sites\/278\/2024\/10\/fondo-tecnologia-mano-sosteniendo-mundo-digital_53876-108501-300x200.jpg\" class=\"attachment-medium size-medium wp-image-1020\" alt=\"\" srcset=\"https:\/\/yourprofileit.com\/en\/wp-content\/uploads\/sites\/278\/2024\/10\/fondo-tecnologia-mano-sosteniendo-mundo-digital_53876-108501-300x200.jpg 300w, https:\/\/yourprofileit.com\/en\/wp-content\/uploads\/sites\/278\/2024\/10\/fondo-tecnologia-mano-sosteniendo-mundo-digital_53876-108501-768x512.jpg 768w, https:\/\/yourprofileit.com\/en\/wp-content\/uploads\/sites\/278\/2024\/10\/fondo-tecnologia-mano-sosteniendo-mundo-digital_53876-108501-18x12.jpg 18w, https:\/\/yourprofileit.com\/en\/wp-content\/uploads\/sites\/278\/2024\/10\/fondo-tecnologia-mano-sosteniendo-mundo-digital_53876-108501.jpg 996w\" sizes=\"(max-width: 300px) 100vw, 300px\" \/><\/div><\/a>\n\t\t\t\t<div class=\"elementor-post__text\">\n\t\t\t\t<h3 class=\"elementor-post__title\">\n\t\t\t<a href=\"https:\/\/yourprofileit.com\/en\/2024\/10\/29\/nearshore-offshore-y-onshore-en-el-campo-de-it-explorando-modelos-desafios-y-oportunidades-para-consultoras-informaticas\/\" >\n\t\t\t\tNearshore, Offshore y Onshore en el Campo de IT: Explorando Modelos, Desaf\u00edos y Oportunidades para Consultoras Inform\u00e1ticas\t\t\t<\/a>\n\t\t<\/h3>\n\t\t\t\t<div class=\"elementor-post__excerpt\">\n\t\t\t<p>Los modelos onshore, nearshore y offshore en IT ofrecen soluciones estrat\u00e9gicas para acceder a talento global y reducir costos, cada uno con sus ventajas y desaf\u00edos. Mientras que el onshore facilita la comunicaci\u00f3n y el control, el nearshore equilibra costos y cercan\u00eda geogr\u00e1fica, y el offshore permite m\u00e1xima escalabilidad a precios competitivos.<\/p>\n\t\t<\/div>\n\t\t\n\t\t<a class=\"elementor-post__read-more\" href=\"https:\/\/yourprofileit.com\/en\/2024\/10\/29\/nearshore-offshore-y-onshore-en-el-campo-de-it-explorando-modelos-desafios-y-oportunidades-para-consultoras-informaticas\/\" aria-label=\"Read more about Nearshore, Offshore y Onshore en el Campo de IT: Explorando Modelos, Desaf\u00edos y Oportunidades para Consultoras Inform\u00e1ticas\" tabindex=\"-1\" >\n\t\t\tLeer m\u00e1s \u00bb\t\t<\/a>\n\n\t\t\t\t<\/div>\n\t\t\t\t<div class=\"elementor-post__meta-data\">\n\t\t\t\t\t<span class=\"elementor-post-date\">\n\t\t\t29\/10\/2024\t\t<\/span>\n\t\t\t\t<\/div>\n\t\t\t\t\t<\/div>\n\t\t<\/article>\n\t\t\t\t<article class=\"elementor-post elementor-grid-item post-986 post type-post status-publish format-standard has-post-thumbnail hentry category-sin-categoria\" role=\"listitem\">\n\t\t\t<div class=\"elementor-post__card\">\n\t\t\t\t<a class=\"elementor-post__thumbnail__link\" href=\"https:\/\/yourprofileit.com\/en\/2024\/10\/28\/encontrar-talento-es-mas-facil-en-la-era-de-la-ia\/\" tabindex=\"-1\" ><div class=\"elementor-post__thumbnail\"><img decoding=\"async\" width=\"300\" height=\"225\" src=\"https:\/\/yourprofileit.com\/en\/wp-content\/uploads\/sites\/278\/2024\/10\/reconocimiento-facial-collage-identificacion-personal_23-2150165619-300x225.jpg\" class=\"attachment-medium size-medium wp-image-1024\" alt=\"\" srcset=\"https:\/\/yourprofileit.com\/en\/wp-content\/uploads\/sites\/278\/2024\/10\/reconocimiento-facial-collage-identificacion-personal_23-2150165619-300x225.jpg 300w, https:\/\/yourprofileit.com\/en\/wp-content\/uploads\/sites\/278\/2024\/10\/reconocimiento-facial-collage-identificacion-personal_23-2150165619-768x576.jpg 768w, https:\/\/yourprofileit.com\/en\/wp-content\/uploads\/sites\/278\/2024\/10\/reconocimiento-facial-collage-identificacion-personal_23-2150165619-16x12.jpg 16w, https:\/\/yourprofileit.com\/en\/wp-content\/uploads\/sites\/278\/2024\/10\/reconocimiento-facial-collage-identificacion-personal_23-2150165619.jpg 900w\" sizes=\"(max-width: 300px) 100vw, 300px\" \/><\/div><\/a>\n\t\t\t\t<div class=\"elementor-post__text\">\n\t\t\t\t<h3 class=\"elementor-post__title\">\n\t\t\t<a href=\"https:\/\/yourprofileit.com\/en\/2024\/10\/28\/encontrar-talento-es-mas-facil-en-la-era-de-la-ia\/\" >\n\t\t\t\tEncontrar Talento: \u00bfEs m\u00e1s f\u00e1cil en la era de la IA?\t\t\t<\/a>\n\t\t<\/h3>\n\t\t\t\t<div class=\"elementor-post__excerpt\">\n\t\t\t<p>\u00bfCu\u00e1ndo fue la \u00faltima vez que buscaste una persona para tu equipo de trabajo? \u00bfCrees que a\u00fan con herramientas como la inteligencia artificial es m\u00e1s f\u00e1cil que hace 10 a\u00f1os? En este art\u00edculo trataremos de resolver estas preguntas, y analizar los principales desaf\u00edos que enfrenta el reclutamiento, a\u00fan en la era de la inteligencia artificial.<\/p>\n\t\t<\/div>\n\t\t\n\t\t<a class=\"elementor-post__read-more\" href=\"https:\/\/yourprofileit.com\/en\/2024\/10\/28\/encontrar-talento-es-mas-facil-en-la-era-de-la-ia\/\" aria-label=\"Read more about Encontrar Talento: \u00bfEs m\u00e1s f\u00e1cil en la era de la IA?\" tabindex=\"-1\" >\n\t\t\tLeer m\u00e1s \u00bb\t\t<\/a>\n\n\t\t\t\t<\/div>\n\t\t\t\t<div class=\"elementor-post__meta-data\">\n\t\t\t\t\t<span class=\"elementor-post-date\">\n\t\t\t28\/10\/2024\t\t<\/span>\n\t\t\t\t<\/div>\n\t\t\t\t\t<\/div>\n\t\t<\/article>\n\t\t\t\t<article class=\"elementor-post elementor-grid-item post-498 post type-post status-publish format-standard has-post-thumbnail hentry category-sin-categoria\" role=\"listitem\">\n\t\t\t<div class=\"elementor-post__card\">\n\t\t\t\t<a class=\"elementor-post__thumbnail__link\" href=\"https:\/\/yourprofileit.com\/en\/2024\/10\/24\/perfiles-it-mas-demandados-en-la-era-digital\/\" tabindex=\"-1\" ><div class=\"elementor-post__thumbnail\"><img decoding=\"async\" width=\"300\" height=\"170\" src=\"https:\/\/yourprofileit.com\/en\/wp-content\/uploads\/sites\/278\/2024\/01\/about-us-page1-1-300x170.jpg\" class=\"attachment-medium size-medium wp-image-87\" alt=\"\" srcset=\"https:\/\/yourprofileit.com\/en\/wp-content\/uploads\/sites\/278\/2024\/01\/about-us-page1-1-300x170.jpg 300w, https:\/\/yourprofileit.com\/en\/wp-content\/uploads\/sites\/278\/2024\/01\/about-us-page1-1-768x435.jpg 768w, https:\/\/yourprofileit.com\/en\/wp-content\/uploads\/sites\/278\/2024\/01\/about-us-page1-1.jpg 970w\" sizes=\"(max-width: 300px) 100vw, 300px\" \/><\/div><\/a>\n\t\t\t\t<div class=\"elementor-post__text\">\n\t\t\t\t<h3 class=\"elementor-post__title\">\n\t\t\t<a href=\"https:\/\/yourprofileit.com\/en\/2024\/10\/24\/perfiles-it-mas-demandados-en-la-era-digital\/\" >\n\t\t\t\tPerfiles IT m\u00e1s demandados en la Era Digital: Claves para entender su Rol y Responsabilidades\t\t\t<\/a>\n\t\t<\/h3>\n\t\t\t\t<div class=\"elementor-post__excerpt\">\n\t\t\t<p>En un mundo cada vez m\u00e1s digitalizado, los perfiles IT (Tecnolog\u00edas de la Informaci\u00f3n) juegan un papel fundamental en pr\u00e1cticamente todos los aspectos de nuestra vida diaria.<\/p>\n\t\t<\/div>\n\t\t\n\t\t<a class=\"elementor-post__read-more\" href=\"https:\/\/yourprofileit.com\/en\/2024\/10\/24\/perfiles-it-mas-demandados-en-la-era-digital\/\" aria-label=\"Read more about Perfiles IT m\u00e1s demandados en la Era Digital: Claves para entender su Rol y Responsabilidades\" tabindex=\"-1\" >\n\t\t\tLeer m\u00e1s \u00bb\t\t<\/a>\n\n\t\t\t\t<\/div>\n\t\t\t\t<div class=\"elementor-post__meta-data\">\n\t\t\t\t\t<span class=\"elementor-post-date\">\n\t\t\t24\/10\/2024\t\t<\/span>\n\t\t\t\t<\/div>\n\t\t\t\t\t<\/div>\n\t\t<\/article>\n\t\t\t\t<\/div>\n\t\t\n\t\t\t\t\t\t<\/div>\n\t\t\t\t<\/div>\n\t\t\t\t\t<\/div>\n\t\t\t\t<\/div>\n\t\t\t\t\t<\/div>\n\t\t\t\t<\/div>\n\t\t\t\t<\/div>","protected":false},"excerpt":{"rendered":"<p>\/*! elementor &#8211; v3.19.0 &#8211; 28-02-2024 *\/ .elementor-heading-title{padding:0;margin:0;line-height:1}.elementor-widget-heading .elementor-heading-title[class*=elementor-size-]&gt;a{color:inherit;font-size:inherit;line-height:inherit}.elementor-widget-heading .elementor-heading-title.elementor-size-small{font-size:15px}.elementor-widget-heading .elementor-heading-title.elementor-size-medium{font-size:19px}.elementor-widget-heading .elementor-heading-title.elementor-size-large{font-size:29px}.elementor-widget-heading .elementor-heading-title.elementor-size-xl{font-size:39px}.elementor-widget-heading .elementor-heading-title.elementor-size-xxl{font-size:59px} Blog<\/p>","protected":false},"author":8,"featured_media":0,"parent":0,"menu_order":0,"comment_status":"closed","ping_status":"closed","template":"","meta":{"footnotes":""},"class_list":["post-366","page","type-page","status-publish","hentry"],"yoast_head":"<!-- This site is optimized with the Yoast SEO plugin v26.3 - https:\/\/yoast.com\/wordpress\/plugins\/seo\/ -->\n<title>Blog - Your Profile IT<\/title>\n<meta name=\"robots\" content=\"index, follow, max-snippet:-1, max-image-preview:large, max-video-preview:-1\" \/>\n<link rel=\"canonical\" href=\"https:\/\/yourprofileit.com\/en\/blog\/\" \/>\n<meta property=\"og:locale\" content=\"en_GB\" \/>\n<meta property=\"og:type\" content=\"article\" \/>\n<meta property=\"og:title\" content=\"Blog - Your Profile IT\" \/>\n<meta property=\"og:description\" content=\"\/*! elementor &#8211; v3.19.0 &#8211; 28-02-2024 *\/ .elementor-heading-title{padding:0;margin:0;line-height:1}.elementor-widget-heading .elementor-heading-title[class*=elementor-size-]&gt;a{color:inherit;font-size:inherit;line-height:inherit}.elementor-widget-heading .elementor-heading-title.elementor-size-small{font-size:15px}.elementor-widget-heading .elementor-heading-title.elementor-size-medium{font-size:19px}.elementor-widget-heading .elementor-heading-title.elementor-size-large{font-size:29px}.elementor-widget-heading .elementor-heading-title.elementor-size-xl{font-size:39px}.elementor-widget-heading .elementor-heading-title.elementor-size-xxl{font-size:59px} Blog\" \/>\n<meta property=\"og:url\" content=\"https:\/\/yourprofileit.com\/en\/blog\/\" \/>\n<meta property=\"og:site_name\" content=\"Your Profile IT\" \/>\n<meta property=\"article:modified_time\" content=\"2024-03-05T12:58:51+00:00\" \/>\n<meta name=\"twitter:card\" content=\"summary_large_image\" \/>\n<script type=\"application\/ld+json\" class=\"yoast-schema-graph\">{\"@context\":\"https:\/\/schema.org\",\"@graph\":[{\"@type\":\"WebPage\",\"@id\":\"https:\/\/yourprofileit.com\/en\/blog\/\",\"url\":\"https:\/\/yourprofileit.com\/en\/blog\/\",\"name\":\"Blog - Your Profile IT\",\"isPartOf\":{\"@id\":\"https:\/\/yourprofileit.com\/en\/#website\"},\"datePublished\":\"2024-02-12T10:54:40+00:00\",\"dateModified\":\"2024-03-05T12:58:51+00:00\",\"breadcrumb\":{\"@id\":\"https:\/\/yourprofileit.com\/en\/blog\/#breadcrumb\"},\"inLanguage\":\"en-GB\",\"potentialAction\":[{\"@type\":\"ReadAction\",\"target\":[\"https:\/\/yourprofileit.com\/en\/blog\/\"]}]},{\"@type\":\"BreadcrumbList\",\"@id\":\"https:\/\/yourprofileit.com\/en\/blog\/#breadcrumb\",\"itemListElement\":[{\"@type\":\"ListItem\",\"position\":1,\"name\":\"Portada\",\"item\":\"https:\/\/yourprofileit.com\/en\/\"},{\"@type\":\"ListItem\",\"position\":2,\"name\":\"Blog\"}]},{\"@type\":\"WebSite\",\"@id\":\"https:\/\/yourprofileit.com\/en\/#website\",\"url\":\"https:\/\/yourprofileit.com\/en\/\",\"name\":\"Your Profile IT\",\"description\":\"Soluciones de IT a medida\",\"potentialAction\":[{\"@type\":\"SearchAction\",\"target\":{\"@type\":\"EntryPoint\",\"urlTemplate\":\"https:\/\/yourprofileit.com\/en\/?s={search_term_string}\"},\"query-input\":{\"@type\":\"PropertyValueSpecification\",\"valueRequired\":true,\"valueName\":\"search_term_string\"}}],\"inLanguage\":\"en-GB\"}]}<\/script>\n<!-- \/ Yoast SEO plugin. -->","yoast_head_json":{"title":"Blog - Your Profile IT","robots":{"index":"index","follow":"follow","max-snippet":"max-snippet:-1","max-image-preview":"max-image-preview:large","max-video-preview":"max-video-preview:-1"},"canonical":"https:\/\/yourprofileit.com\/en\/blog\/","og_locale":"en_GB","og_type":"article","og_title":"Blog - Your Profile IT","og_description":"\/*! elementor &#8211; v3.19.0 &#8211; 28-02-2024 *\/ .elementor-heading-title{padding:0;margin:0;line-height:1}.elementor-widget-heading .elementor-heading-title[class*=elementor-size-]&gt;a{color:inherit;font-size:inherit;line-height:inherit}.elementor-widget-heading .elementor-heading-title.elementor-size-small{font-size:15px}.elementor-widget-heading .elementor-heading-title.elementor-size-medium{font-size:19px}.elementor-widget-heading .elementor-heading-title.elementor-size-large{font-size:29px}.elementor-widget-heading .elementor-heading-title.elementor-size-xl{font-size:39px}.elementor-widget-heading .elementor-heading-title.elementor-size-xxl{font-size:59px} Blog","og_url":"https:\/\/yourprofileit.com\/en\/blog\/","og_site_name":"Your Profile IT","article_modified_time":"2024-03-05T12:58:51+00:00","twitter_card":"summary_large_image","schema":{"@context":"https:\/\/schema.org","@graph":[{"@type":"WebPage","@id":"https:\/\/yourprofileit.com\/en\/blog\/","url":"https:\/\/yourprofileit.com\/en\/blog\/","name":"Blog - Your Profile IT","isPartOf":{"@id":"https:\/\/yourprofileit.com\/en\/#website"},"datePublished":"2024-02-12T10:54:40+00:00","dateModified":"2024-03-05T12:58:51+00:00","breadcrumb":{"@id":"https:\/\/yourprofileit.com\/en\/blog\/#breadcrumb"},"inLanguage":"en-GB","potentialAction":[{"@type":"ReadAction","target":["https:\/\/yourprofileit.com\/en\/blog\/"]}]},{"@type":"BreadcrumbList","@id":"https:\/\/yourprofileit.com\/en\/blog\/#breadcrumb","itemListElement":[{"@type":"ListItem","position":1,"name":"Portada","item":"https:\/\/yourprofileit.com\/en\/"},{"@type":"ListItem","position":2,"name":"Blog"}]},{"@type":"WebSite","@id":"https:\/\/yourprofileit.com\/en\/#website","url":"https:\/\/yourprofileit.com\/en\/","name":"Your Profile IT","description":"Soluciones de IT a medida","potentialAction":[{"@type":"SearchAction","target":{"@type":"EntryPoint","urlTemplate":"https:\/\/yourprofileit.com\/en\/?s={search_term_string}"},"query-input":{"@type":"PropertyValueSpecification","valueRequired":true,"valueName":"search_term_string"}}],"inLanguage":"en-GB"}]}},"_links":{"self":[{"href":"https:\/\/yourprofileit.com\/en\/wp-json\/wp\/v2\/pages\/366","targetHints":{"allow":["GET"]}}],"collection":[{"href":"https:\/\/yourprofileit.com\/en\/wp-json\/wp\/v2\/pages"}],"about":[{"href":"https:\/\/yourprofileit.com\/en\/wp-json\/wp\/v2\/types\/page"}],"author":[{"embeddable":true,"href":"https:\/\/yourprofileit.com\/en\/wp-json\/wp\/v2\/users\/8"}],"replies":[{"embeddable":true,"href":"https:\/\/yourprofileit.com\/en\/wp-json\/wp\/v2\/comments?post=366"}],"version-history":[{"count":31,"href":"https:\/\/yourprofileit.com\/en\/wp-json\/wp\/v2\/pages\/366\/revisions"}],"predecessor-version":[{"id":771,"href":"https:\/\/yourprofileit.com\/en\/wp-json\/wp\/v2\/pages\/366\/revisions\/771"}],"wp:attachment":[{"href":"https:\/\/yourprofileit.com\/en\/wp-json\/wp\/v2\/media?parent=366"}],"curies":[{"name":"wp","href":"https:\/\/api.w.org\/{rel}","templated":true}]}}